{"id":2,"date":"2016-03-15T18:35:50","date_gmt":"2016-03-15T18:35:50","guid":{"rendered":"http:\/\/clubearamacan.com.br\/tuneldotempo\/?page_id=2"},"modified":"2016-03-15T16:43:32","modified_gmt":"2016-03-15T19:43:32","slug":"envie-sua-historia","status":"publish","type":"page","link":"https:\/\/clubearamacan.com.br\/memoriasaramacan\/envie-sua-historia\/","title":{"rendered":"Envie sua Hist\u00f3ria!"},"content":{"rendered":"\n<div class=\"wpcf7 no-js\" id=\"wpcf7-f24-o1\" lang=\"pt-BR\" dir=\"ltr\">\n<div class=\"screen-reader-response\"><p role=\"status\" aria-live=\"polite\" aria-atomic=\"true\"><\/p> <ul><\/ul><\/div>\n<form action=\"\/memoriasaramacan\/wp-json\/wp\/v2\/pages\/2#wpcf7-f24-o1\" method=\"post\" class=\"wpcf7-form init\" aria-label=\"Formul\u00e1rios de contato\" enctype=\"multipart\/form-data\" novalidate=\"novalidate\" data-status=\"init\">\n<div style=\"display: none;\">\n<input type=\"hidden\" name=\"_wpcf7\" value=\"24\" \/>\n<input type=\"hidden\" name=\"_wpcf7_version\" value=\"5.8.1\" \/>\n<input type=\"hidden\" name=\"_wpcf7_locale\" value=\"pt_BR\" \/>\n<input type=\"hidden\" name=\"_wpcf7_unit_tag\" value=\"wpcf7-f24-o1\" \/>\n<input type=\"hidden\" name=\"_wpcf7_container_post\" value=\"0\" \/>\n<input type=\"hidden\" name=\"_wpcf7_posted_data_hash\" value=\"\" \/>\n<\/div>\n<p>Seu nome (obrigat\u00f3rio)\n<\/p>\n<p><span class=\"wpcf7-form-control-wrap\" data-name=\"your-name\"><input size=\"40\" class=\"wpcf7-form-control wpcf7-text wpcf7-validates-as-required\" aria-required=\"true\" aria-invalid=\"false\" value=\"\" type=\"text\" name=\"your-name\" \/><\/span>\n<\/p>\n<p>Seu e-mail (obrigat\u00f3rio)\n<\/p>\n<p><span class=\"wpcf7-form-control-wrap\" data-name=\"your-email\"><input size=\"40\" class=\"wpcf7-form-control wpcf7-email wpcf7-validates-as-required wpcf7-text wpcf7-validates-as-email\" aria-required=\"true\" aria-invalid=\"false\" value=\"\" type=\"email\" name=\"your-email\" \/><\/span>\n<\/p>\n<p>Matr\u00edcula (obrigat\u00f3rio)\n<\/p>\n<p><span class=\"wpcf7-form-control-wrap\" data-name=\"matricula\"><input class=\"wpcf7-form-control wpcf7-number wpcf7-validates-as-required wpcf7-validates-as-number\" aria-required=\"true\" aria-invalid=\"false\" value=\"\" type=\"number\" name=\"matricula\" \/><\/span>\n<\/p>\n<p>Depoimento (obrigat\u00f3rio)\n<\/p>\n<p><span class=\"wpcf7-form-control-wrap\" data-name=\"your-message\"><textarea cols=\"40\" rows=\"10\" class=\"wpcf7-form-control wpcf7-textarea\" aria-invalid=\"false\" name=\"your-message\"><\/textarea><\/span>\n<\/p>\n<p>Anexe sua Foto (obrigat\u00f3rio)\n<\/p>\n<p>Max 500kb, formatos: JPG, PNG, GIF\n<\/p>\n<p><span class=\"wpcf7-form-control-wrap\" data-name=\"foto\"><input size=\"40\" class=\"wpcf7-form-control wpcf7-file wpcf7-validates-as-required\" accept=\".jpg,.png,.jpeg,.gif\" aria-required=\"true\" aria-invalid=\"false\" type=\"file\" name=\"foto\" \/><\/span>\n<\/p>\n<p><span class=\"wpcf7-form-control-wrap\" data-name=\"acceptance-566\"><span class=\"wpcf7-form-control wpcf7-acceptance\"><span class=\"wpcf7-list-item\"><input type=\"checkbox\" name=\"acceptance-566\" value=\"1\" checked=\"checked\" aria-invalid=\"false\" \/><\/span><\/span><\/span> Aceito os termos da <a href=\"http:\/\/www.clubearamacan.com.br\/tuneldotempo\/politica-de-privacidade\" target=\"_blank\">pol\u00edtica de privacidade<\/a>\n<\/p>\n<p><input class=\"wpcf7-form-control wpcf7-submit has-spinner\" type=\"submit\" value=\"Enviar\" \/>\n<\/p><div class=\"wpcf7-response-output\" aria-hidden=\"true\"><\/div>\n<\/form>\n<\/div>\n\n","protected":false},"excerpt":{"rendered":"<p>Seu nome (obrigat\u00f3rio) Seu e-mail (obrigat\u00f3rio) Matr\u00edcula (obrigat\u00f3rio) Depoimento (obrigat\u00f3rio) Anexe sua Foto (obrigat\u00f3rio) Max 500kb, formatos: JPG, PNG, GIF Aceito os termos da pol\u00edtica de privacidade<\/p>\n","protected":false},"author":4,"featured_media":0,"parent":0,"menu_order":0,"comment_status":"closed","ping_status":"open","template":"","meta":{"footnotes":""},"_links":{"self":[{"href":"https:\/\/clubearamacan.com.br\/memoriasaramacan\/wp-json\/wp\/v2\/pages\/2"}],"collection":[{"href":"https:\/\/clubearamacan.com.br\/memoriasaramacan\/wp-json\/wp\/v2\/pages"}],"about":[{"href":"https:\/\/clubearamacan.com.br\/memoriasaramacan\/wp-json\/wp\/v2\/types\/page"}],"author":[{"embeddable":true,"href":"https:\/\/clubearamacan.com.br\/memoriasaramacan\/wp-json\/wp\/v2\/users\/4"}],"replies":[{"embeddable":true,"href":"https:\/\/clubearamacan.com.br\/memoriasaramacan\/wp-json\/wp\/v2\/comments?post=2"}],"version-history":[{"count":2,"href":"https:\/\/clubearamacan.com.br\/memoriasaramacan\/wp-json\/wp\/v2\/pages\/2\/revisions"}],"predecessor-version":[{"id":25,"href":"https:\/\/clubearamacan.com.br\/memoriasaramacan\/wp-json\/wp\/v2\/pages\/2\/revisions\/25"}],"wp:attachment":[{"href":"https:\/\/clubearamacan.com.br\/memoriasaramacan\/wp-json\/wp\/v2\/media?parent=2"}],"curies":[{"name":"wp","href":"https:\/\/api.w.org\/{rel}","templated":true}]}}